{"id":10300,"date":"2022-10-26T20:11:41","date_gmt":"2022-10-26T18:11:41","guid":{"rendered":"http:\/\/krzyza.strzelin.archidiecezja.wroc.pl\/?page_id=10300"},"modified":"2026-01-25T10:05:19","modified_gmt":"2026-01-25T09:05:19","slug":"wypominki-2022","status":"publish","type":"page","link":"http:\/\/krzyza.strzelin.archidiecezja.wroc.pl\/?page_id=10300","title":{"rendered":"Wizyta duszpasterska"},"content":{"rendered":"<h1 style=\"text-align: center;\"><span style=\"color: #000000;\">Plan wizyt duszpasterskich 2026<\/span><\/h1>\n<p style=\"text-align: center;\"><span style=\"color: #000000;\">od poniedzia\u0142ku do pi\u0105tku rozpoczynamy ok. godz. 16:00, w soboty ok. 9:00<\/span><\/p>\n<p>&nbsp;<\/p>\n<p><span style=\"color: #000000;\">26 stycznia (poniedzia\u0142ek) &#8211; ksi\u0105dz 1: Kamienna, G\u00f3rnicza; ksi\u0105dz 2: Z\u0105bkowicka (parzyste 2-46); ksi\u0105dz 3: Z\u0105bkowicka (parzyste 48-70);<\/span><\/p>\n<p><span style=\"color: #000000;\">27 stycznia (wtorek) &#8211; ksi\u0105dz 1: Popie\u0142uszki, Powsta\u0144c\u00f3w \u015al\u0105skich; ksi\u0105dz 2: Z\u0105bkowicka (nieparzyste 3-27A), Micha\u0142kiwewicza; ksi\u0105dz 3: Z\u0105bkowicka (nieparzyste 33-53);<\/span><\/p>\n<p><span style=\"color: #000000;\">28 stycznia (\u015broda) &#8211; ksi\u0105dz 1: M\u0142ynarska, pl. Pokoju, Wojska Polskiego (nieparzyste 3, 5); ksi\u0105dz 2: Wojska Polskiego (1-1C), Wojska Polskiego (parzyste);<\/span><\/p>\n<p><span style=\"color: #000000;\">29 stycznia (czwartek) &#8211; ksi\u0105dz 1: Staszica (parzyste 26-30); ksi\u0105dz 2: Staszica (parzyste 4-16A); ksi\u0105dz 3: Staszica (parzyste 18-24);<\/span><\/p>\n<p><span style=\"color: #000000;\">30 stycznia (pi\u0105tek) &#8211; ksi\u0105dz 1: Mickiewicza (parzyste); ksi\u0105dz 2: Mickiewicza (nieparzyste); ksi\u0105dz 3: Staszica (nieparzyste);<\/span><\/p>\n<p><span style=\"color: #000000;\">31 stycznia (sobota) &#8211; od 9:00 Grota Roweckiego (parzyste);<\/span><\/p>\n<p>&nbsp;<\/p>\n<h3><span style=\"color: #000000;\">Osoby, kt\u00f3re chcia\u0142yby przyj\u0105\u0107 wizyt\u0119, a nie b\u0119d\u0105 obecne w wyznaczonym dniu, mog\u0105 si\u0119 zg\u0142osi\u0107 na dodatkowy termin (zg\u0142oszenia w zakrystii lub mailowo\/telefonicznie [kontakt poni\u017cej]). Wizyty dodatkowe s\u0105 zaplanowane na 31 stycznia (sobota) po godz. 15:00 oraz 2 lutego (poniedzia\u0142ek).<\/span><\/h3>\n<p><span style=\"color: #000000;\">Wszelkie pytania zwi\u0105zane z odwiedzinami duszpasterskimi mo\u017cna kierowa\u0107 na adres mailowy: krzyza.strzelin@archidiecezja.wroc.pl lub pod numer telefonu: 71 392 08 78 lub (SMS) 514 515 921.<\/span><\/p>\n","protected":false},"excerpt":{"rendered":"<p>Plan wizyt duszpasterskich 2026 od poniedzia\u0142ku do pi\u0105tku rozpoczynamy ok. godz. 16:00, w soboty ok. 9:00 &nbsp; 26 stycznia (poniedzia\u0142ek) &#8211; ksi\u0105dz 1: Kamienna, G\u00f3rnicza; ksi\u0105dz 2: Z\u0105bkowicka (parzyste 2-46); ksi\u0105dz 3: Z\u0105bkowicka (parzyste 48-70); 27 stycznia (wtorek) &#8211; ksi\u0105dz 1: Popie\u0142uszki, Powsta\u0144c\u00f3w \u015al\u0105skich; ksi\u0105dz 2: Z\u0105bkowicka (nieparzyste 3-27A), Micha\u0142kiwewicza; ksi\u0105dz 3: Z\u0105bkowicka (nieparzyste 33-53);&#8230;<\/p>\n","protected":false},"author":1,"featured_media":0,"parent":0,"menu_order":0,"comment_status":"closed","ping_status":"closed","template":"","meta":[],"_links":{"self":[{"href":"http:\/\/krzyza.strzelin.archidiecezja.wroc.pl\/index.php?rest_route=\/wp\/v2\/pages\/10300"}],"collection":[{"href":"http:\/\/krzyza.strzelin.archidiecezja.wroc.pl\/index.php?rest_route=\/wp\/v2\/pages"}],"about":[{"href":"http:\/\/krzyza.strzelin.archidiecezja.wroc.pl\/index.php?rest_route=\/wp\/v2\/types\/page"}],"author":[{"embeddable":true,"href":"http:\/\/krzyza.strzelin.archidiecezja.wroc.pl\/index.php?rest_route=\/wp\/v2\/users\/1"}],"replies":[{"embeddable":true,"href":"http:\/\/krzyza.strzelin.archidiecezja.wroc.pl\/index.php?rest_route=%2Fwp%2Fv2%2Fcomments&post=10300"}],"version-history":[{"count":47,"href":"http:\/\/krzyza.strzelin.archidiecezja.wroc.pl\/index.php?rest_route=\/wp\/v2\/pages\/10300\/revisions"}],"predecessor-version":[{"id":11043,"href":"http:\/\/krzyza.strzelin.archidiecezja.wroc.pl\/index.php?rest_route=\/wp\/v2\/pages\/10300\/revisions\/11043"}],"wp:attachment":[{"href":"http:\/\/krzyza.strzelin.archidiecezja.wroc.pl\/index.php?rest_route=%2Fwp%2Fv2%2Fmedia&parent=10300"}],"curies":[{"name":"wp","href":"https:\/\/api.w.org\/{rel}","templated":true}]}}