{"id":11,"date":"2013-11-28T11:18:51","date_gmt":"2013-11-28T10:18:51","guid":{"rendered":"http:\/\/parafiapodwyzszeniakrzyza.pl\/?page_id=11"},"modified":"2026-02-13T19:19:06","modified_gmt":"2026-02-13T18:19:06","slug":"kancelaria-parafialna","status":"publish","type":"page","link":"http:\/\/krzyza.strzelin.archidiecezja.wroc.pl\/?page_id=11","title":{"rendered":"Kancelaria"},"content":{"rendered":"<h2 style=\"text-align: center;\"><span style=\"color: #800000;\">KANCELARIA PARAFIALNA<\/span><del><\/del><\/h2>\n<h2 style=\"text-align: center;\"><span style=\"color: #000000;\">czynna jest<\/span><br \/>\n<strong><span style=\"color: #000000;\">we wtorki i czwartki<\/span><\/strong><br \/>\n<strong><span style=\"color: #000000;\">w godz. 16:00-17:30<\/span><\/strong><\/h2>\n<h3 style=\"text-align: center;\">W sprawach pogrzebowych w ka\u017cdy dzie\u0144 po wieczornej Mszy \u015awi\u0119tej (lub telefonicznym um\u00f3wieniu).<\/h3>\n<p style=\"text-align: center;\">tel. 71 392 08 78<br \/>\ne-mail: krzyza.strzelin@archidiecezja.wroc.pl<\/p>\n<p style=\"text-align: center;\">PROSIMY O SPRAWDZENIE W ZAK\u0141ADCE <a href=\"http:\/\/krzyza.strzelin.archidiecezja.wroc.pl\/?page_id=47\">OG\u0141OSZENIA DUSZPASTERSKIE<\/a>, CZY NIE MA EWENTUALNYCH ZMIAN<br \/>\nW GODZINACH OTWARCIA KANCELARII.<\/p>\n<p style=\"text-align: center;\">***<\/p>\n<h4 style=\"text-align: center;\"><span style=\"color: #ff0000;\"><strong>W my\u015bl obowi\u0105zuj\u0105cego prawa o ochronie danych osobowych przypominamy, \u017ce:\u00a0\u00a0\u00a0\u00a0\u00a0\u00a0\u00a0\u00a0<\/strong><\/span><br \/>\n<span style=\"color: #ff0000;\"><strong>* \u015bwiadectwa i za\u015bwiadczenia wydawane w kancelarii parafialnej mog\u0105 odebra\u0107 wy\u0142\u0105cznie osoby, kt\u00f3rych ten dokument dotyczy;<\/strong><\/span><br \/>\n<span style=\"color: #ff0000;\"><strong>* w przypadku os\u00f3b ma\u0142oletnich dokumenty mo\u017ce odebra\u0107 rodzic lub prawny opiekun;<\/strong><\/span><br \/>\n<span style=\"color: #ff0000;\"><strong>* inne osoby mog\u0105 otrzyma\u0107 dokumenty wy\u0142\u0105cznie na podstawie notarialnego pe\u0142nomocnictwa udzielonego przez zainteresowan\u0105 osob\u0119 na pi\u015bmie. (Dekret KEP z dnia 13 marca 2018r.)<\/strong><\/span><\/h4>\n<p style=\"text-align: center;\">***<\/p>\n<p style=\"text-align: center;\"><span style=\"font-size: large;\"><strong>SAKRAMENTY PRZYJMUJEMY W SWOJEJ PARAFII.<\/strong><br \/>\n<strong>O PRZYNALE\u017bNO\u015aCI DO PARAFII DECYDUJE ADRES AKTUALNEGO ZAMIESZKANIA (a nie zameldowania!).<\/strong><br \/>\n<\/span><\/p>\n<p>W celu przygotowania i przyst\u0105pienia do sakrament\u00f3w poza swoj\u0105 parafi\u0105 nale\u017cy przedstawi\u0107 pisemn\u0105 zgod\u0119 proboszcza swojej parafii zamieszkania (a nie zameldowania). Dotyczy to r\u00f3wnie\u017c os\u00f3b, kt\u00f3re mieszkaj\u0105 za granic\u0105 (d\u0142u\u017cej ni\u017c 3 miesi\u0105ce).<\/p>\n<hr \/>\n<p style=\"text-align: center;\"><span style=\"font-size: medium;\"><span style=\"font-size: small;\"><strong>Do udzielenia sakramentu <span style=\"text-decoration: underline;\"><span style=\"color: #993300; text-decoration: underline;\">Chrztu \u015awi\u0119tego<\/span><\/span> nale\u017cy przynie\u015b\u0107 do kancelarii <\/strong><\/span><br \/>\n<\/span><\/p>\n<ol>\n<li style=\"list-style-type: none;\">\n<ol>\n<li style=\"list-style-type: none;\">\n<ol>\n<li style=\"text-align: left;\">Akt urodzenia dziecka USC<\/li>\n<li style=\"text-align: left;\">Dane rodzic\u00f3w dziecka<\/li>\n<li style=\"text-align: left;\">Dane rodzic\u00f3w chrzestnych (za\u015bwiadczenia, kt\u00f3re potwierdzaj\u0105, \u017ce s\u0105 to osoby wierz\u0105ce i praktykuj\u0105ce, kt\u00f3re mog\u0105 korzysta\u0107 z sakrament\u00f3w)<\/li>\n<\/ol>\n<\/li>\n<\/ol>\n<\/li>\n<\/ol>\n<p style=\"text-align: center;\">Chrzest w naszej parafii odbywa si\u0119 w II, III i IV niedziele miesi\u0105ca<\/p>\n<p style=\"text-align: center;\"><strong>Do pogrzebu nale\u017cy przynie\u015b\u0107 do kancelarii:<\/strong><\/p>\n<ol>\n<li style=\"list-style-type: none;\">\n<ol>\n<li style=\"list-style-type: none;\">\n<ol>\n<li style=\"text-align: left;\">Akt zgonu z USC.<\/li>\n<li style=\"text-align: left;\">Za\u015bwiadczenie o udzielonym sakramencie namaszczenia chorych (je\u015bli przed \u015bmierci\u0105 zosta\u0142 udzielony).<\/li>\n<\/ol>\n<\/li>\n<\/ol>\n<\/li>\n<\/ol>\n<p style=\"text-align: center;\"><strong>Do udzielenia <span style=\"text-decoration: underline;\"><span style=\"color: #993300; text-decoration: underline;\">sakramentu ma\u0142\u017ce\u0144stwa<\/span><\/span> nale\u017cy przynie\u015b\u0107 do kancelarii:<\/strong><\/p>\n<ol>\n<li style=\"list-style-type: none;\">\n<ol>\n<li style=\"list-style-type: none;\">\n<ol>\n<li style=\"text-align: left;\">Aktualne metryki chrztu \u015bw.<\/li>\n<li style=\"text-align: left;\">Dowody osobiste.<\/li>\n<li style=\"text-align: left;\">\u015awiadectwa katechizacji.<\/li>\n<li style=\"text-align: left;\">Dokumenty USC do zawarcia zwi\u0105zku konkordatowego.<\/li>\n<li style=\"text-align: left;\">Potwierdzenie uko\u0144czenia nauk przedma\u0142\u017ce\u0144skich.<\/li>\n<\/ol>\n<\/li>\n<\/ol>\n<\/li>\n<\/ol>\n","protected":false},"excerpt":{"rendered":"<p>KANCELARIA PARAFIALNA czynna jest we wtorki i czwartki w godz. 16:00-17:30 W sprawach pogrzebowych w ka\u017cdy dzie\u0144 po wieczornej Mszy \u015awi\u0119tej (lub telefonicznym um\u00f3wieniu). tel. 71 392 08 78 e-mail: krzyza.strzelin@archidiecezja.wroc.pl PROSIMY O SPRAWDZENIE W ZAK\u0141ADCE OG\u0141OSZENIA DUSZPASTERSKIE, CZY NIE MA EWENTUALNYCH ZMIAN W GODZINACH OTWARCIA KANCELARII. *** W my\u015bl obowi\u0105zuj\u0105cego prawa o ochronie danych&#8230;<\/p>\n","protected":false},"author":1,"featured_media":8641,"parent":0,"menu_order":0,"comment_status":"closed","ping_status":"open","template":"","meta":[],"_links":{"self":[{"href":"http:\/\/krzyza.strzelin.archidiecezja.wroc.pl\/index.php?rest_route=\/wp\/v2\/pages\/11"}],"collection":[{"href":"http:\/\/krzyza.strzelin.archidiecezja.wroc.pl\/index.php?rest_route=\/wp\/v2\/pages"}],"about":[{"href":"http:\/\/krzyza.strzelin.archidiecezja.wroc.pl\/index.php?rest_route=\/wp\/v2\/types\/page"}],"author":[{"embeddable":true,"href":"http:\/\/krzyza.strzelin.archidiecezja.wroc.pl\/index.php?rest_route=\/wp\/v2\/users\/1"}],"replies":[{"embeddable":true,"href":"http:\/\/krzyza.strzelin.archidiecezja.wroc.pl\/index.php?rest_route=%2Fwp%2Fv2%2Fcomments&post=11"}],"version-history":[{"count":68,"href":"http:\/\/krzyza.strzelin.archidiecezja.wroc.pl\/index.php?rest_route=\/wp\/v2\/pages\/11\/revisions"}],"predecessor-version":[{"id":11051,"href":"http:\/\/krzyza.strzelin.archidiecezja.wroc.pl\/index.php?rest_route=\/wp\/v2\/pages\/11\/revisions\/11051"}],"wp:featuredmedia":[{"embeddable":true,"href":"http:\/\/krzyza.strzelin.archidiecezja.wroc.pl\/index.php?rest_route=\/wp\/v2\/media\/8641"}],"wp:attachment":[{"href":"http:\/\/krzyza.strzelin.archidiecezja.wroc.pl\/index.php?rest_route=%2Fwp%2Fv2%2Fmedia&parent=11"}],"curies":[{"name":"wp","href":"https:\/\/api.w.org\/{rel}","templated":true}]}}