{"id":17,"date":"2013-11-28T11:22:00","date_gmt":"2013-11-28T10:22:00","guid":{"rendered":"http:\/\/parafiapodwyzszeniakrzyza.pl\/?page_id=17"},"modified":"2020-10-04T14:57:21","modified_gmt":"2020-10-04T12:57:21","slug":"duszpasterze","status":"publish","type":"page","link":"http:\/\/krzyza.strzelin.archidiecezja.wroc.pl\/?page_id=17","title":{"rendered":"Duszpasterze"},"content":{"rendered":"<p style=\"text-align: center;\"><strong>Proboszczem<\/strong> naszej parafii jest Ks. Kanonik Andrzej POR\u0118BNY RM<\/p>\n<p style=\"text-align: center;\"><a href=\"http:\/\/krzyza.strzelin.archidiecezja.wroc.pl\/wp-content\/uploads\/2013\/11\/DSCN9517.jpg\" data-rel=\"lightbox-image-0\" data-rl_title=\"\" data-rl_caption=\"\" title=\"\"><img decoding=\"async\" loading=\"lazy\" class=\"alignnone  wp-image-185\" src=\"http:\/\/krzyza.strzelin.archidiecezja.wroc.pl\/wp-content\/uploads\/2013\/11\/DSCN9517-225x300.jpg\" alt=\"\" width=\"391\" height=\"521\" srcset=\"http:\/\/krzyza.strzelin.archidiecezja.wroc.pl\/wp-content\/uploads\/2013\/11\/DSCN9517-225x300.jpg 225w, http:\/\/krzyza.strzelin.archidiecezja.wroc.pl\/wp-content\/uploads\/2013\/11\/DSCN9517-768x1024.jpg 768w\" sizes=\"(max-width: 391px) 100vw, 391px\" \/><\/a><\/p>\n<p style=\"text-align: center;\"><strong>Wikariusze naszej parafii :<\/strong><\/p>\n<p style=\"text-align: center;\">Ks. mgr\u00a0 Wies\u0142aw WAWRZYN\u00d3W<\/p>\n<p style=\"text-align: center;\"><a href=\"http:\/\/krzyza.strzelin.archidiecezja.wroc.pl\/wp-content\/uploads\/2018\/09\/IMG_2001.jpg\" data-rel=\"lightbox-image-1\" data-rl_title=\"\" data-rl_caption=\"\" title=\"\"><img decoding=\"async\" loading=\"lazy\" class=\"alignnone wp-image-8628\" src=\"http:\/\/krzyza.strzelin.archidiecezja.wroc.pl\/wp-content\/uploads\/2018\/09\/IMG_2001-300x300.jpg\" alt=\"\" width=\"450\" height=\"450\" srcset=\"http:\/\/krzyza.strzelin.archidiecezja.wroc.pl\/wp-content\/uploads\/2018\/09\/IMG_2001-300x300.jpg 300w, http:\/\/krzyza.strzelin.archidiecezja.wroc.pl\/wp-content\/uploads\/2018\/09\/IMG_2001-150x150.jpg 150w, http:\/\/krzyza.strzelin.archidiecezja.wroc.pl\/wp-content\/uploads\/2018\/09\/IMG_2001-768x768.jpg 768w, http:\/\/krzyza.strzelin.archidiecezja.wroc.pl\/wp-content\/uploads\/2018\/09\/IMG_2001-1024x1024.jpg 1024w, http:\/\/krzyza.strzelin.archidiecezja.wroc.pl\/wp-content\/uploads\/2018\/09\/IMG_2001-640x640.jpg 640w, http:\/\/krzyza.strzelin.archidiecezja.wroc.pl\/wp-content\/uploads\/2018\/09\/IMG_2001-1x1.jpg 1w\" sizes=\"(max-width: 450px) 100vw, 450px\" \/><\/a><\/p>\n<p style=\"text-align: center;\">Ks. mgr Przemys\u0142aw PARUCH<\/p>\n<p style=\"text-align: center;\"><a href=\"http:\/\/krzyza.strzelin.archidiecezja.wroc.pl\/wp-content\/uploads\/2018\/09\/IMG_1982.jpg\" data-rel=\"lightbox-image-2\" data-rl_title=\"\" data-rl_caption=\"\" title=\"\"><img decoding=\"async\" loading=\"lazy\" class=\"alignnone wp-image-8629\" src=\"http:\/\/krzyza.strzelin.archidiecezja.wroc.pl\/wp-content\/uploads\/2018\/09\/IMG_1982-300x300.jpg\" alt=\"\" width=\"450\" height=\"450\" srcset=\"http:\/\/krzyza.strzelin.archidiecezja.wroc.pl\/wp-content\/uploads\/2018\/09\/IMG_1982-300x300.jpg 300w, http:\/\/krzyza.strzelin.archidiecezja.wroc.pl\/wp-content\/uploads\/2018\/09\/IMG_1982-150x150.jpg 150w, http:\/\/krzyza.strzelin.archidiecezja.wroc.pl\/wp-content\/uploads\/2018\/09\/IMG_1982-768x768.jpg 768w, http:\/\/krzyza.strzelin.archidiecezja.wroc.pl\/wp-content\/uploads\/2018\/09\/IMG_1982-1024x1024.jpg 1024w, http:\/\/krzyza.strzelin.archidiecezja.wroc.pl\/wp-content\/uploads\/2018\/09\/IMG_1982-640x640.jpg 640w, http:\/\/krzyza.strzelin.archidiecezja.wroc.pl\/wp-content\/uploads\/2018\/09\/IMG_1982-1x1.jpg 1w\" sizes=\"(max-width: 450px) 100vw, 450px\" \/><\/a><\/p>\n<p style=\"text-align: center;\">Ks. mgr Micha\u0142 STASZAK<\/p>\n<p style=\"text-align: center;\"><a href=\"http:\/\/krzyza.strzelin.archidiecezja.wroc.pl\/wp-content\/uploads\/2020\/10\/821382_TtyA_wr22s06_07_michal_staszak__98.jpg\" data-rel=\"lightbox-image-3\" data-rl_title=\"\" data-rl_caption=\"\" title=\"\"><img decoding=\"async\" loading=\"lazy\" class=\"alignnone  wp-image-9915\" src=\"http:\/\/krzyza.strzelin.archidiecezja.wroc.pl\/wp-content\/uploads\/2020\/10\/821382_TtyA_wr22s06_07_michal_staszak__98-300x239.jpg\" alt=\"\" width=\"557\" height=\"444\" srcset=\"http:\/\/krzyza.strzelin.archidiecezja.wroc.pl\/wp-content\/uploads\/2020\/10\/821382_TtyA_wr22s06_07_michal_staszak__98-300x239.jpg 300w, http:\/\/krzyza.strzelin.archidiecezja.wroc.pl\/wp-content\/uploads\/2020\/10\/821382_TtyA_wr22s06_07_michal_staszak__98-640x510.jpg 640w, http:\/\/krzyza.strzelin.archidiecezja.wroc.pl\/wp-content\/uploads\/2020\/10\/821382_TtyA_wr22s06_07_michal_staszak__98-1x1.jpg 1w, http:\/\/krzyza.strzelin.archidiecezja.wroc.pl\/wp-content\/uploads\/2020\/10\/821382_TtyA_wr22s06_07_michal_staszak__98.jpg 653w\" sizes=\"(max-width: 557px) 100vw, 557px\" \/><\/a><\/p>\n","protected":false},"excerpt":{"rendered":"<p>Proboszczem naszej parafii jest Ks. Kanonik Andrzej POR\u0118BNY RM Wikariusze naszej parafii : Ks. mgr\u00a0 Wies\u0142aw WAWRZYN\u00d3W Ks. mgr Przemys\u0142aw PARUCH Ks. mgr Micha\u0142 STASZAK<\/p>\n","protected":false},"author":1,"featured_media":8632,"parent":0,"menu_order":0,"comment_status":"closed","ping_status":"open","template":"","meta":[],"_links":{"self":[{"href":"http:\/\/krzyza.strzelin.archidiecezja.wroc.pl\/index.php?rest_route=\/wp\/v2\/pages\/17"}],"collection":[{"href":"http:\/\/krzyza.strzelin.archidiecezja.wroc.pl\/index.php?rest_route=\/wp\/v2\/pages"}],"about":[{"href":"http:\/\/krzyza.strzelin.archidiecezja.wroc.pl\/index.php?rest_route=\/wp\/v2\/types\/page"}],"author":[{"embeddable":true,"href":"http:\/\/krzyza.strzelin.archidiecezja.wroc.pl\/index.php?rest_route=\/wp\/v2\/users\/1"}],"replies":[{"embeddable":true,"href":"http:\/\/krzyza.strzelin.archidiecezja.wroc.pl\/index.php?rest_route=%2Fwp%2Fv2%2Fcomments&post=17"}],"version-history":[{"count":14,"href":"http:\/\/krzyza.strzelin.archidiecezja.wroc.pl\/index.php?rest_route=\/wp\/v2\/pages\/17\/revisions"}],"predecessor-version":[{"id":9917,"href":"http:\/\/krzyza.strzelin.archidiecezja.wroc.pl\/index.php?rest_route=\/wp\/v2\/pages\/17\/revisions\/9917"}],"wp:featuredmedia":[{"embeddable":true,"href":"http:\/\/krzyza.strzelin.archidiecezja.wroc.pl\/index.php?rest_route=\/wp\/v2\/media\/8632"}],"wp:attachment":[{"href":"http:\/\/krzyza.strzelin.archidiecezja.wroc.pl\/index.php?rest_route=%2Fwp%2Fv2%2Fmedia&parent=17"}],"curies":[{"name":"wp","href":"https:\/\/api.w.org\/{rel}","templated":true}]}}