{"id":23,"date":"2013-11-28T11:23:46","date_gmt":"2013-11-28T10:23:46","guid":{"rendered":"http:\/\/parafiapodwyzszeniakrzyza.pl\/?page_id=23"},"modified":"2018-09-16T13:39:08","modified_gmt":"2018-09-16T11:39:08","slug":"historia","status":"publish","type":"page","link":"http:\/\/krzyza.strzelin.archidiecezja.wroc.pl\/?page_id=23","title":{"rendered":"Historia"},"content":{"rendered":"<p>&nbsp;<\/p>\n<p style=\"text-align: center;\">Funkcje parafialne pe\u0142ni ta \u015bwi\u0105tynia od ponad 280 lat, je\u015bli liczy\u0107 okres od czasu obj\u0119cia jej przez zakonnik\u00f3w augustia\u0144skich, cho\u0107 jej mury s\u0105 znacznie starsze.&nbsp; Zawik\u0142ana historia miasta sprawi\u0142a, \u017ce ko\u015bci\u00f3\u0142, jak i po\u0142\u0105czone z nim budynki klasztorne kilkakrotnie zmienia\u0142y swoj\u0105 funkcj\u0119 i w\u0142a\u015bcicieli. G\u0142\u00f3wne etapy w historii tych budowli wyznaczaj\u0105 nast\u0119puj\u0105ce wydarzenia: oko\u0142o 1295 ufundowanie klasztoru klarysek, to jest \u017ce\u0144skiej ga\u0142\u0119zi zakonu franciszka\u0144skiego, przez ksi\u0119cia Bolka I \u015awidnickiego; 1540 opuszczenie klasztoru przez ostatnie zakonnice; 1548 po\u017car klasztoru i jego konfiskata przez ksi\u0119cia brzeskiego Jerzego II; 1698 pocz\u0105tek stara\u0144 augustian\u00f3w-eremit\u00f3w z Wiednia o pozyskanie klasztoru i ko\u015bcio\u0142a; 1721 po\u015bwi\u0119cenia ko\u015bcio\u0142a i klasztoru po odbudowie przez augustian\u00f3w; 1810&nbsp; kasata klasztoru augustian\u00f3w przez kr\u00f3la pruskiego; 1842 ustanowienie parafii; 1895 przej\u0119cie cz\u0119\u015bci klasztoru przez zakon si\u00f3str boromeuszek; 1945 wysadzenie w powietrze zachodniej cz\u0119\u015bci ko\u015bcio\u0142a przez odzia\u0142y niemieckie; 1946 obj\u0119cie ko\u015bcio\u0142a przez polskich ksi\u0119\u017cy.<\/p>\n<p style=\"text-align: center;\"><strong>WN\u0118TRZE<\/strong><\/p>\n<p style=\"text-align: center;\"><a href=\"http:\/\/krzyza.strzelin.archidiecezja.wroc.pl\/?attachment_id=189\" rel=\"attachment wp-att-189\"><img decoding=\"async\" loading=\"lazy\" class=\"alignnone size-full wp-image-189\" src=\"http:\/\/krzyza.strzelin.archidiecezja.wroc.pl\/wp-content\/uploads\/2013\/11\/wnetrze.jpg\" alt=\"wnetrze\" width=\"630\" height=\"452\"><\/a><\/p>\n<p style=\"text-align: center;\">Kiedy znajdujemy si\u0119 we wn\u0119trzu ko\u015bcio\u0142a uderza nas jednolito\u015b\u0107 barokowego wystroju tworzonego przez o\u0142tarze, ambon\u0119 i stalle. Zar\u00f3wno ich architektura, cz\u0119\u015bci figuralne, jak i dekoracje w postaci ornament\u00f3w prezentuj\u0105 ten sam styl. Jedn\u0105 z os\u00f3b kt\u00f3re zas\u0142u\u017cy\u0142y si\u0119 w pracy nad odtwarzaniem wyposa\u017cenia odbudowanej \u015bwi\u0105tyni by\u0142 zakonnik brat Bernardyn od \u015bw. Antoniego.<\/p>\n<p style=\"text-align: center;\">O\u0142tarz g\u0142\u00f3wny: o\u0142tarz prezentuje styl dojrza\u0142ego baroku. Ma struktur\u0119 architektoniczn\u0105, kt\u00f3rej g\u0142\u00f3wnym sk\u0142adnikiem s\u0105 trzy pary kolumn nad kt\u00f3rymi dominuj\u0105 bogate a\u017curowe zwie\u0144czenia. Powsta\u0142 w latach 1716-1717. Pieni\u0105dze na jego wzniesienie ofiarowa\u0142 Franz Ludwig von Blumenbron. Jego herb znajduje si\u0119 w g\u0142\u00f3wnej cz\u0119\u015bci o\u0142tarza. By\u0142 wielokrotnie odnawiany, po raz ostatni w 1994-1995. O\u0142tarz prezentuje styl p\u00f3\u017anobarokowy. G\u0142\u00f3wnym sk\u0142adnikiem s\u0105 trzy pary kolumn, kt\u00f3re wspieraj\u0105 belkowanie. Para kolumn wewn\u0119trznych posiada trzony skr\u0119cone&nbsp; i oplecione wici\u0105 ro\u015blinn\u0105. W polu \u015brodkowym widnia\u0142 obraz ukazuj\u0105cy Op\u0142akiwanie Chrystusa pod Krzy\u017cem. Potem wymieniono to przedstawienie na rze\u017abiony krucyfiks, kt\u00f3remu dodano jako t\u0142o ekspresyjne obraz ukazuj\u0105cy pejza\u017c Golgoty a zarazem nastr\u00f3j godziny \u015bmierci Chrystusa. Para figur w dolnej cz\u0119\u015bci o\u0142tarza wyobra\u017ca \u015bwi\u0119tych czczonych szczeg\u00f3lnie w zakonie augustia\u0144skim: \u015bw. Augustyn i \u015bw. Monika. Figura skrajna z prawej strony wyobra\u017ca \u015bw. Jana Ewangelist\u0119, po przeciwleg\u0142ej stronie stoi \u015bw. J\u00f3zef z Dzieci\u0105tkiem Jezus. W zwie\u0144czeniu tabernakulum stoi ma\u0142a figurka \u015bwi\u0119tego Jana Chrzciciela jako dziecka z barankiem.<\/p>\n<p style=\"text-align: center;\">O\u0142tarz Matki Bo\u017cej (z lewej strony): Obraz g\u0142\u00f3wny przedstawia Maryj\u0119 Pocieszycielk\u0119 wraz z Dzieci\u0105tkiem Jezus. Obraz g\u00f3rny prezentuje Zwiastowanie NMP. Stoj\u0105ce na skrajach figury barokowe wyobra\u017caj\u0105 \u015bw. Rocha oraz \u015bw. Szczepana. W g\u00f3rnej kondygnacji o\u0142tarza&nbsp; znajduj\u0105 si\u0119 figury \u015bw. Barbary oraz \u015bw. Rozalii. Dwie figury wewn\u0119trzne w dolnej cz\u0119\u015bci ukazuj\u0105 \u015bw. Jadwig\u0119 \u015al\u0105sk\u0105 oraz jej siostrzenic\u0119, \u015bw. El\u017cbiet\u0119 W\u0119giersk\u0105. Po \u015brodku, na tabernakulum, stoi figura Matki Bo\u017cej z Dzieci\u0105tkiem .<\/p>\n<p style=\"text-align: center;\">O\u0142tarz \u015bw. J\u00f3zefa (z prawej strony): Dolny obraz ukazuje \u015amier\u0107 \u015bw. J\u00f3zefa, a g\u00f3rny przedstawia \u015bw. Ann\u0119 nauczaj\u0105c\u0105 m\u0142od\u0105 Mari\u0119. Para figur po bokach dolnego obrazu przedstawia \u015bw. Franciszka z Asy\u017cu i \u015bw. Antoniego Padewskiego. Na lewym skraju stoi figura \u015bw. Katarzyny z Aleksandrii. Po przeciwleg\u0142ej stronie widzimy \u015bw. Barbar\u0119. W g\u00f3rnej kondygnacji po lewej stronie stoi trudna do zidentyfikowania figura, natomiast po prawej stronie stoi \u015bw. Dorota. Na tabernakulum ustawiono figur\u0119 \u015bw. J\u00f3zefa.<\/p>\n<p style=\"text-align: center;\">Obraz Matki Boskiej Bolesnej: w centrum widzimy siedz\u0105c\u0105 pod krzy\u017cem posta\u0107&nbsp; Matki Bo\u017cej z cia\u0142em Chrystusa, anio\u0142owie trzymaj\u0105 Narz\u0119dzia Pasji Chrystusa.<\/p>\n<p style=\"text-align: center;\">O\u0142tarz Matki Boskiej Cz\u0119stochowskiej: w obecnym o\u0142tarzu na wyliczenie zas\u0142uguj\u0105 figury \u015bw. \u015aw. Anny i Joachima oraz kopia cudownego obrazu Matki Boskiej Cz\u0119stochowskiej.<\/p>\n<p style=\"text-align: center;\">Ambona: kosz ambony&nbsp; dzielony jest skr\u0119conymi kolumienkami, pomi\u0119dzy kt\u00f3rymi stoj\u0105 figurki Czterech Ojc\u00f3w Ko\u015bcio\u0142a (\u015bw. Ambro\u017cy \u015bw. Augustyn, \u015bw. Hieronim, \u015bw. Grzegorz)i jednego, nierozpoznanego proroka. Baldachim z Go\u0142\u0119bic\u0105 Ducha \u015awi\u0119tego w podniebieniu podtrzymuje para p\u00f3\u0142figur anielskich. Jego zwie\u0144czenie sk\u0142ada si\u0119 z a\u017curowego p\u0119ku wolut, kt\u00f3ry stanowi podstaw\u0119 pod glob ziemski, na kt\u00f3rym zasiada ukazana w chwale promieni grupa Boga Ojca i Syna. Pomi\u0119dzy wolutami stoj\u0105 na baldachimie niedu\u017ce figurki Czterech Ewangelist\u00f3w oraz Moj\u017cesza z tablicami Dekalogu.<\/p>\n","protected":false},"excerpt":{"rendered":"<p>&nbsp; Funkcje parafialne pe\u0142ni ta \u015bwi\u0105tynia od ponad 280 lat, je\u015bli liczy\u0107 okres od czasu obj\u0119cia jej przez zakonnik\u00f3w augustia\u0144skich, cho\u0107 jej mury s\u0105 znacznie starsze.&nbsp; Zawik\u0142ana historia miasta sprawi\u0142a, \u017ce ko\u015bci\u00f3\u0142, jak i po\u0142\u0105czone z nim budynki klasztorne kilkakrotnie zmienia\u0142y swoj\u0105 funkcj\u0119 i w\u0142a\u015bcicieli. G\u0142\u00f3wne etapy w historii tych budowli wyznaczaj\u0105 nast\u0119puj\u0105ce wydarzenia: oko\u0142o&#8230;<\/p>\n","protected":false},"author":1,"featured_media":8634,"parent":0,"menu_order":0,"comment_status":"closed","ping_status":"open","template":"","meta":[],"_links":{"self":[{"href":"http:\/\/krzyza.strzelin.archidiecezja.wroc.pl\/index.php?rest_route=\/wp\/v2\/pages\/23"}],"collection":[{"href":"http:\/\/krzyza.strzelin.archidiecezja.wroc.pl\/index.php?rest_route=\/wp\/v2\/pages"}],"about":[{"href":"http:\/\/krzyza.strzelin.archidiecezja.wroc.pl\/index.php?rest_route=\/wp\/v2\/types\/page"}],"author":[{"embeddable":true,"href":"http:\/\/krzyza.strzelin.archidiecezja.wroc.pl\/index.php?rest_route=\/wp\/v2\/users\/1"}],"replies":[{"embeddable":true,"href":"http:\/\/krzyza.strzelin.archidiecezja.wroc.pl\/index.php?rest_route=%2Fwp%2Fv2%2Fcomments&post=23"}],"version-history":[{"count":5,"href":"http:\/\/krzyza.strzelin.archidiecezja.wroc.pl\/index.php?rest_route=\/wp\/v2\/pages\/23\/revisions"}],"predecessor-version":[{"id":8635,"href":"http:\/\/krzyza.strzelin.archidiecezja.wroc.pl\/index.php?rest_route=\/wp\/v2\/pages\/23\/revisions\/8635"}],"wp:featuredmedia":[{"embeddable":true,"href":"http:\/\/krzyza.strzelin.archidiecezja.wroc.pl\/index.php?rest_route=\/wp\/v2\/media\/8634"}],"wp:attachment":[{"href":"http:\/\/krzyza.strzelin.archidiecezja.wroc.pl\/index.php?rest_route=%2Fwp%2Fv2%2Fmedia&parent=23"}],"curies":[{"name":"wp","href":"https:\/\/api.w.org\/{rel}","templated":true}]}}