{"id":9949,"date":"2020-11-28T19:20:38","date_gmt":"2020-11-28T18:20:38","guid":{"rendered":"http:\/\/krzyza.strzelin.archidiecezja.wroc.pl\/?page_id=9949"},"modified":"2021-02-20T20:14:29","modified_gmt":"2021-02-20T19:14:29","slug":"spowiedz","status":"publish","type":"page","link":"http:\/\/krzyza.strzelin.archidiecezja.wroc.pl\/?page_id=9949","title":{"rendered":"Spowied\u017a"},"content":{"rendered":"\n<p class=\"has-text-align-center\">Okazja do spowiedzi:<\/p>\n\n\n\n<ul><li><strong>w dni powszednie<\/strong>: 15 minut przed Msz\u0105 \u015awi\u0119t\u0105 (w \u015brody, pi\u0105tki i soboty podczas wieczornej Mszy \u015awi\u0119tej);<\/li><li><strong>w niedziele<\/strong>: podczas Mszy \u015awi\u0119tej;<\/li><li><strong>w I pi\u0105tki miesi\u0105ca<\/strong>: od godz. 17<sup>00<\/sup>.<\/li><\/ul>\n\n\n\n<p><\/p>\n","protected":false},"excerpt":{"rendered":"<p>Okazja do spowiedzi: w dni powszednie: 15 minut przed Msz\u0105 \u015awi\u0119t\u0105 (w \u015brody, pi\u0105tki i soboty podczas wieczornej Mszy \u015awi\u0119tej); w niedziele: podczas Mszy \u015awi\u0119tej; w I pi\u0105tki miesi\u0105ca: od godz. 1700.<\/p>\n","protected":false},"author":1,"featured_media":9990,"parent":0,"menu_order":0,"comment_status":"closed","ping_status":"closed","template":"","meta":[],"_links":{"self":[{"href":"http:\/\/krzyza.strzelin.archidiecezja.wroc.pl\/index.php?rest_route=\/wp\/v2\/pages\/9949"}],"collection":[{"href":"http:\/\/krzyza.strzelin.archidiecezja.wroc.pl\/index.php?rest_route=\/wp\/v2\/pages"}],"about":[{"href":"http:\/\/krzyza.strzelin.archidiecezja.wroc.pl\/index.php?rest_route=\/wp\/v2\/types\/page"}],"author":[{"embeddable":true,"href":"http:\/\/krzyza.strzelin.archidiecezja.wroc.pl\/index.php?rest_route=\/wp\/v2\/users\/1"}],"replies":[{"embeddable":true,"href":"http:\/\/krzyza.strzelin.archidiecezja.wroc.pl\/index.php?rest_route=%2Fwp%2Fv2%2Fcomments&post=9949"}],"version-history":[{"count":1,"href":"http:\/\/krzyza.strzelin.archidiecezja.wroc.pl\/index.php?rest_route=\/wp\/v2\/pages\/9949\/revisions"}],"predecessor-version":[{"id":9950,"href":"http:\/\/krzyza.strzelin.archidiecezja.wroc.pl\/index.php?rest_route=\/wp\/v2\/pages\/9949\/revisions\/9950"}],"wp:featuredmedia":[{"embeddable":true,"href":"http:\/\/krzyza.strzelin.archidiecezja.wroc.pl\/index.php?rest_route=\/wp\/v2\/media\/9990"}],"wp:attachment":[{"href":"http:\/\/krzyza.strzelin.archidiecezja.wroc.pl\/index.php?rest_route=%2Fwp%2Fv2%2Fmedia&parent=9949"}],"curies":[{"name":"wp","href":"https:\/\/api.w.org\/{rel}","templated":true}]}}