{"id":9999,"date":"2021-03-20T16:29:49","date_gmt":"2021-03-20T15:29:49","guid":{"rendered":"http:\/\/krzyza.strzelin.archidiecezja.wroc.pl\/?page_id=9999"},"modified":"2025-06-21T21:59:05","modified_gmt":"2025-06-21T19:59:05","slug":"kapelan-szpitala","status":"publish","type":"page","link":"http:\/\/krzyza.strzelin.archidiecezja.wroc.pl\/?page_id=9999","title":{"rendered":"Kapelan szpitala"},"content":{"rendered":"\r\n<p>Msza \u015awi\u0119ta w kaplicy szpitalnej odprawiana jest w soboty o godz. 17<sup>00<\/sup> .<\/p>\r\n\r\n\r\n\r\n<p>Wizyty na oddzia\u0142ach odbywaj\u0105 si\u0119 w soboty w godz. 14<sup>00<\/sup> &#8211; 16<sup>45<\/sup> (opr\u00f3cz lipca).<\/p>\r\n<p>&nbsp;<\/p>\r\n\r\n\r\n\r\n<blockquote class=\"wp-block-quote is-style-large\">\r\n<p><span style=\"font-family: Times New Roman, serif;\"><strong><span style=\"color: #747474;\"><span style=\"font-family: Arial, serif;\"><span style=\"font-size: x-large;\"><i><u>Nowy<\/u><\/i><\/span><\/span><\/span><\/strong><strong><span style=\"color: #747474;\"><span style=\"font-family: Arial, serif;\"><span style=\"font-size: x-large;\"><i> nr telefonu do kapelana:<\/i><\/span><\/span><\/span><\/strong><span style=\"color: #747474;\"><span style=\"font-family: Arial, serif;\"><span style=\"font-size: x-large;\"><i><b>\u00a0<\/b><\/i><\/span><\/span><\/span><strong><span style=\"color: #ff0000;\"><span style=\"font-family: inherit, serif;\"><span style=\"font-size: x-large;\"><i><u>517-532-294<\/u><\/i><\/span><\/span><\/span><\/strong><\/span><\/p>\r\n<p><strong>\u00a0<\/strong><\/p>\r\n<\/blockquote>\r\n\r\n\r\n\r\n<p>&nbsp;<\/p>\r\n\r\n\r\n\r\n<p>Prosimy, aby mie\u0107 na uwadze nast\u0119puj\u0105ce wskaz\u00f3wki:<\/p>\r\n\r\n\r\n\r\n<ul>\r\n<li>nie wzywa\u0107 kapelana do osoby kt\u00f3ra sobie tego nie \u017cyczy,<\/li>\r\n<li>w przypadku osoby nieprzytomnej, b\u0105d\u017a maj\u0105cej problemy z m\u00f3wieniem to rodzina podejmuje decyzje o udzieleniu sakrament\u00f3w \u015bwi\u0119tych, bior\u0105c pod uwag\u0119 wcze\u015bniejsz\u0105 wol\u0119 pacjenta,<\/li>\r\n<li>podczas rozmowy telefonicznej poda\u0107 imi\u0119 i nazwisko pacjenta, poinformowa\u0107, na jakim oddziale i w jakiej sali si\u0119 znajduje, w jakim jest stanie, czy mo\u017ce spo\u017cywa\u0107 posi\u0142ki, czy jest przytomny oraz o kt\u00f3re sakramenty prosi,<\/li>\r\n<li>z racji, \u017ce ksi\u0119\u017ca w parafii pe\u0142ni\u0105 te\u017c inne obowi\u0105zki, prosimy uwzgl\u0119dni\u0107 niekiedy d\u0142u\u017cszy czas oczekiwania na wizyt\u0119 (dlatego te\u017c nie ma co zwleka\u0107 z wezwaniem kap\u0142ana na ostatni\u0105 chwil\u0119).<\/li>\r\n<\/ul>\r\n","protected":false},"excerpt":{"rendered":"<p>Msza \u015awi\u0119ta w kaplicy szpitalnej odprawiana jest w soboty o godz. 1700 . Wizyty na oddzia\u0142ach odbywaj\u0105 si\u0119 w soboty w godz. 1400 &#8211; 1645 (opr\u00f3cz lipca). &nbsp; Nowy nr telefonu do kapelana:\u00a0517-532-294 \u00a0 &nbsp; Prosimy, aby mie\u0107 na uwadze nast\u0119puj\u0105ce wskaz\u00f3wki: nie wzywa\u0107 kapelana do osoby kt\u00f3ra sobie tego nie \u017cyczy, w przypadku osoby&#8230;<\/p>\n","protected":false},"author":1,"featured_media":0,"parent":0,"menu_order":0,"comment_status":"closed","ping_status":"closed","template":"","meta":[],"_links":{"self":[{"href":"http:\/\/krzyza.strzelin.archidiecezja.wroc.pl\/index.php?rest_route=\/wp\/v2\/pages\/9999"}],"collection":[{"href":"http:\/\/krzyza.strzelin.archidiecezja.wroc.pl\/index.php?rest_route=\/wp\/v2\/pages"}],"about":[{"href":"http:\/\/krzyza.strzelin.archidiecezja.wroc.pl\/index.php?rest_route=\/wp\/v2\/types\/page"}],"author":[{"embeddable":true,"href":"http:\/\/krzyza.strzelin.archidiecezja.wroc.pl\/index.php?rest_route=\/wp\/v2\/users\/1"}],"replies":[{"embeddable":true,"href":"http:\/\/krzyza.strzelin.archidiecezja.wroc.pl\/index.php?rest_route=%2Fwp%2Fv2%2Fcomments&post=9999"}],"version-history":[{"count":6,"href":"http:\/\/krzyza.strzelin.archidiecezja.wroc.pl\/index.php?rest_route=\/wp\/v2\/pages\/9999\/revisions"}],"predecessor-version":[{"id":10903,"href":"http:\/\/krzyza.strzelin.archidiecezja.wroc.pl\/index.php?rest_route=\/wp\/v2\/pages\/9999\/revisions\/10903"}],"wp:attachment":[{"href":"http:\/\/krzyza.strzelin.archidiecezja.wroc.pl\/index.php?rest_route=%2Fwp%2Fv2%2Fmedia&parent=9999"}],"curies":[{"name":"wp","href":"https:\/\/api.w.org\/{rel}","templated":true}]}}